{"id":30515,"date":"2023-03-31T10:19:05","date_gmt":"2023-03-31T10:19:05","guid":{"rendered":"https:\/\/www.manconilegal.ch\/?page_id=30515"},"modified":"2023-03-31T13:20:23","modified_gmt":"2023-03-31T13:20:23","slug":"cookie-policy","status":"publish","type":"page","link":"https:\/\/www.manconilegal.ch\/fr\/cookie-policy\/","title":{"rendered":"Cookie-policy fr"},"content":{"rendered":"<p>[et_pb_section fb_built=\u00a0\u00bb1&Prime; _builder_version=\u00a0\u00bb4.20.2&Prime; _module_preset=\u00a0\u00bbdefault\u00a0\u00bb global_colors_info=\u00a0\u00bb{}\u00a0\u00bb][et_pb_row _builder_version=\u00a0\u00bb4.20.2&Prime; _module_preset=\u00a0\u00bbdefault\u00a0\u00bb global_colors_info=\u00a0\u00bb{}\u00a0\u00bb][et_pb_column type=\u00a0\u00bb4_4&Prime; _builder_version=\u00a0\u00bb4.20.2&Prime; _module_preset=\u00a0\u00bbdefault\u00a0\u00bb global_colors_info=\u00a0\u00bb{}\u00a0\u00bb][et_pb_text _builder_version=\u00a0\u00bb4.20.2&Prime; _module_preset=\u00a0\u00bbdefault\u00a0\u00bb text_font=\u00a0\u00bb|300|||||||\u00a0\u00bb text_font_size=\u00a0\u00bb16px\u00a0\u00bb header_2_font_size=\u00a0\u00bb25px\u00a0\u00bb header_2_line_height=\u00a0\u00bb1.8em\u00a0\u00bb global_colors_info=\u00a0\u00bb{}\u00a0\u00bb]<\/p>\n<div class=\"iub_header\">\n<div class=\"one_line_col\">\n<div class=\"one_line_col\">\n<h2>Politique relative aux cookies de Studio legale Alix Manconi<\/h2>\n<p>Le pr\u00e9sent document informe les Utilisateurs des technologies permettant \u00e0 ce site Web d\u2019atteindre les finalit\u00e9s d\u00e9crites ci-dessous. Ces technologies permettent au Propri\u00e9taire d\u2019acc\u00e9der \u00e0 des informations et de les stocker (\u00e0 l\u2019aide d\u2019un Cookie, par exemple) ou d\u2019utiliser des ressources (en ex\u00e9cutant un script, par exemple) sur l\u2019appareil d\u2019un Utilisateur lorsque celui-ci interagit avec ce site Web.<\/p>\n<p>Par souci de simplification, toutes ces technologies sont d\u00e9finies comme \u00e9tant des \u00ab Traqueurs \u00bb dans le pr\u00e9sent document, \u00e0 moins qu\u2019il n\u2019existe une raison de les diff\u00e9rencier.<br \/>Par exemple, bien que les Cookies puissent \u00eatre utilis\u00e9s \u00e0 la fois sur les navigateurs Internet et mobiles, il serait inexact de parler de Cookies dans le contexte des applications mobiles car ce sont des traqueurs bas\u00e9s sur un navigateur. C\u2019est pourquoi, dans ce document, le terme Cookies n\u2019est utilis\u00e9 que lorsqu\u2019il est sp\u00e9cifiquement destin\u00e9 \u00e0 indiquer ce type sp\u00e9cifique de Traqueur.<\/p>\n<p>Certaines des finalit\u00e9s pour lesquelles les Traqueurs sont utilis\u00e9s peuvent n\u00e9cessiter le consentement de l\u2019Utilisateur, selon la loi en vigueur. Lorsque le consentement est donn\u00e9, il peut \u00eatre librement retir\u00e9 \u00e0 tout moment en suivant les instructions fournies dans le pr\u00e9sent document.<\/p>\n<p>Ce site Web utilise des Traqueurs g\u00e9r\u00e9s directement par le Propri\u00e9taire (les Traqueurs dits \u00ab de premi\u00e8re partie \u00bb) et les Traqueurs qui activent les services fournis par un tiers (les Traqueurs dits \u00ab tiers \u00bb). Sauf indication contraire dans le pr\u00e9sent document, les fournisseurs tiers peuvent acc\u00e9der aux Traqueurs g\u00e9r\u00e9s par eux-m\u00eames.<br \/>Les p\u00e9riodes de validit\u00e9 et d\u2019expiration des Cookies et d\u2019autres Traqueurs similaires peuvent varier en fonction de la dur\u00e9e de vie d\u00e9finie par le Propri\u00e9taire ou le fournisseur concern\u00e9. Certains expirent \u00e0 la fin de la session de navigation de l\u2019Utilisateur.<br \/>Outre ce qui est pr\u00e9cis\u00e9 dans les descriptions de chacune des cat\u00e9gories ci-dessous, les Utilisateurs peuvent trouver des informations plus pr\u00e9cises et actualis\u00e9es concernant la description sur la dur\u00e9e de vie ainsi que toute autre information utile \u2013 comme la pr\u00e9sence d\u2019autres Traqueurs \u2013 dans les politiques de confidentialit\u00e9 des fournisseurs tiers respectifs, mises en lien, ou en contactant le Propri\u00e9taire.<\/p>\n<h3 class=\"iub-purpose-stack iub-purpose-stack-1\">Activit\u00e9s strictement n\u00e9cessaires au fonctionnement de ce site Web et \u00e0 la fourniture du Service<\/h3>\n<p>Ce site Web utilise des Cookies dits \u00ab techniques \u00bb et d\u2019autres Traqueurs similaires pour mener des activit\u00e9s strictement n\u00e9cessaires au fonctionnement ou \u00e0 la fourniture du Service.<\/p>\n<h4>Traqueurs de premi\u00e8re partie<\/h4>\n<p>Dur\u00e9e de stockage : jusqu\u2019\u00e0 6 mois<\/p>\n<h4>Traqueurs tiers<\/h4>\n<ul class=\"for_boxes\">\n<li>\n<div class=\"box_primary box_10 expand expanded\">\n<h3 class=\"expand-click w_icon_24 policyicon_purpose_10924008 iub-purpose iub-purpose-10924008\">Gestion des balises<\/h3>\n<div class=\"expand-content\">\n<p>Ce type de service permet au Propri\u00e9taire de g\u00e9rer les balises ou les scripts n\u00e9cessaires sur ce site Web de mani\u00e8re centralis\u00e9e.<br \/>Par cons\u00e9quent, les Donn\u00e9es utilisateurs transitent par ces services, ce qui pourrait entra\u00eener la conservation de ces Donn\u00e9es.<\/p>\n<h4 class=\"iub-service iub-service-9347063\">Google Tag Manager (Google Ireland Limited)<\/h4>\n<div class=\"wrap\">\n<p>Google Tag Manager est un service de gestion de balises fourni par Google Ireland Limited.<\/p>\n<\/div>\n<p>Donn\u00e9es personnelles trait\u00e9es : Donn\u00e9es d&rsquo;utilisation et Traqueurs.<\/p>\n<p>Lieu de traitement : Irlande \u2013\u00a0<a href=\"https:\/\/policies.google.com\/privacy\" target=\"_blank\" rel=\"noopener noreferrer\">Politique de confidentialit\u00e9<\/a>.<\/p>\n<\/div>\n<\/div>\n<\/li>\n<\/ul>\n<h3 class=\"iub-subheading iub-subheading-other-purposes\">Autres activit\u00e9s impliquant l\u2019utilisation de Traqueurs<\/h3>\n<h4 class=\"iub-purpose-stack iub-purpose-stack-3\">Am\u00e9lioration de l\u2019exp\u00e9rience<\/h4>\n<p>Ce site Web utilise des Traqueurs pour offrir une exp\u00e9rience utilisateur personnalis\u00e9e en am\u00e9liorant la qualit\u00e9 des options de gestion des pr\u00e9f\u00e9rences et en permettant les interactions avec les r\u00e9seaux et les plateformes externes.<\/p>\n<ul class=\"for_boxes\">\n<li>\n<div class=\"box_primary box_10 expand expanded\">\n<h3 class=\"expand-click w_icon_24 policyicon_purpose_10924010 iub-purpose iub-purpose-10924010\">Affichage de contenus \u00e0 partir de plateformes externes<\/h3>\n<div class=\"expand-content\">\n<p>Ce type de services vous permet de visualiser et d\u2019interagir avec le contenu h\u00e9berg\u00e9 sur des plateformes externes directement \u00e0 partir des pages de ce site Web. Si un tel service est install\u00e9, il peut toujours collecter les donn\u00e9es relatives au trafic Web des pages, m\u00eame si l\u2019Utilisateur ne l\u2019utilise pas.<\/p>\n<h4 class=\"iub-service iub-service-9347065\">Google Fonts (Google Ireland Limited)<\/h4>\n<div class=\"wrap\">\n<p>Google Fonts est un service de visualisation de polices de caract\u00e8res fourni par Google Ireland Limited qui permet \u00e0 ce site Web d&rsquo;incorporer un contenu de cette nature sur ses pages.<\/p>\n<\/div>\n<p>Donn\u00e9es personnelles trait\u00e9es : Donn\u00e9es d&rsquo;utilisation et Traqueurs.<\/p>\n<p>Lieu de traitement : Irlande \u2013\u00a0<a href=\"https:\/\/policies.google.com\/privacy\" target=\"_blank\" rel=\"noopener noreferrer\">Politique de confidentialit\u00e9<\/a>.<\/p>\n<h4 class=\"iub-service iub-service-9347067\">Google Maps widget (Google Ireland Limited)<\/h4>\n<div class=\"wrap\">\n<p>Google Maps est un service de visualisation de cartes fourni par Google Ireland Limited qui permet \u00e0 ce site Web d&rsquo;incorporer un contenu de cette nature sur ses pages.<\/p>\n<\/div>\n<p>Donn\u00e9es personnelles trait\u00e9es : Donn\u00e9es d&rsquo;utilisation et Traqueurs.<\/p>\n<p>Lieu de traitement : Irlande \u2013\u00a0<a href=\"https:\/\/policies.google.com\/privacy\" target=\"_blank\" rel=\"noopener noreferrer\">Politique de confidentialit\u00e9<\/a>.<\/p>\n<\/div>\n<\/div>\n<\/li>\n<\/ul>\n<h4 class=\"iub-purpose-stack iub-purpose-stack-4\">Mesure<\/h4>\n<p>Ce site Web utilise des Traqueurs pour mesurer le trafic et analyser le comportement de l\u2019Utilisateur dans le but d\u2019am\u00e9liorer le Service.<\/p>\n<ul class=\"for_boxes\">\n<li>\n<div class=\"box_primary box_10 expand expanded\">\n<h3 class=\"expand-click w_icon_24 policyicon_purpose_ iub-purpose iub-purpose-\">Services d\u2019analyse anonyme<\/h3>\n<div class=\"expand-content\">\n<p>Les services figurant dans cette partie permettent au Propri\u00e9taire, gr\u00e2ce \u00e0 l\u2019utilisation de Traqueurs tiers, d\u2019effectuer et de g\u00e9rer des analyses de mani\u00e8re anonyme.<\/p>\n<h4 class=\"iub-service iub-service-9347066\">Anonymisation IP dans Google Analytics (Google Ireland Limited)<\/h4>\n<div class=\"wrap\">\n<p>Google Analytics est un service d\u2019analyse Web fourni par Google Ireland Limited (\u00ab\u00a0Google\u00a0\u00bb). Google utilise les Donn\u00e9es collect\u00e9es pour suivre et analyser l\u2019utilisation de ce site Web, pr\u00e9parer des rapports sur ses activit\u00e9s et les partager avec d\u2019autres services Google. Google peut utiliser les Donn\u00e9es collect\u00e9es pour contextualiser et personnaliser les publicit\u00e9s de son propre r\u00e9seau publicitaire. Cette int\u00e9gration de Google Analytics rend votre adresse IP anonyme. Les adresses IP des Utilisateurs sont en fait abr\u00e9g\u00e9es au sein des \u00c9tats membres de l\u2019Union europ\u00e9enne ou d&rsquo;autres \u00c9tats partis \u00e0 l\u2019accord sur l\u2019Espace \u00e9conomique europ\u00e9en. Ce n\u2019est que dans des cas exceptionnels que l\u2019adresse IP compl\u00e8te est transmise au server Google et abr\u00e9g\u00e9e aux \u00c9tats-Unis.<\/p>\n<\/div>\n<p>Donn\u00e9es personnelles trait\u00e9es : Donn\u00e9es d&rsquo;utilisation et Traqueurs.<\/p>\n<p>Lieu de traitement : Irlande \u2013\u00a0<a href=\"https:\/\/policies.google.com\/privacy\" target=\"_blank\" rel=\"noopener noreferrer\">Politique de confidentialit\u00e9<\/a>\u00a0\u2013\u00a0<a href=\"https:\/\/tools.google.com\/dlpage\/gaoptout?hl=fr\" target=\"_blank\" rel=\"noopener\">Option de retrait<\/a>.<\/p>\n<p>Dur\u00e9e de stockage :<\/p>\n<ul>\n<li>AMP_TOKEN: 1 heure<\/li>\n<li>_ga: 2 ans<\/li>\n<li>_gac*: 3 mois<\/li>\n<li>_gat: 1 minute<\/li>\n<li>_gid: 1 jour<\/li>\n<\/ul>\n<p>&nbsp;<\/p>\n<\/div>\n<\/div>\n<\/li>\n<\/ul>\n<h3 id=\"manage_cookies\" class=\"iub-subheading iub-subheading-manage-gdpr\">Comment g\u00e9rer les pr\u00e9f\u00e9rences et donner ou retirer son consentement<\/h3>\n<p>Il existe diff\u00e9rentes fa\u00e7ons de g\u00e9rer les pr\u00e9f\u00e9rences relatives aux Traqueurs et de donner et de retirer son consentement, le cas \u00e9ch\u00e9ant:<\/p>\n<p>Les Utilisateurs peuvent g\u00e9rer les pr\u00e9f\u00e9rences relatives aux Traqueurs directement dans les param\u00e8tres de leur propre appareil, par exemple en emp\u00eachant l\u2019utilisation ou le stockage des Traqueurs.<\/p>\n<p>De plus, chaque fois que l\u2019utilisation de Traqueurs repose sur le consentement, les Utilisateurs peuvent donner ou retirer ce consentement en d\u00e9finissant leurs pr\u00e9f\u00e9rences dans la notification de cookie, ou en mettant \u00e0 jour ces pr\u00e9f\u00e9rences en cons\u00e9quence \u00e0 l\u2019aide du widget appropri\u00e9 de pr\u00e9f\u00e9rences relatives au consentement, le cas \u00e9ch\u00e9ant.<\/p>\n<p>Il est \u00e9galement possible, par le biais du navigateur ou les fonctionnalit\u00e9s de l\u2019appareil, de supprimer les Traqueurs pr\u00e9c\u00e9demment stock\u00e9s, y compris ceux utilis\u00e9s pour se souvenir du consentement initial de l\u2019Utilisateur.<\/p>\n<p>Les autres Traqueurs dans la m\u00e9moire locale du navigateur peuvent \u00eatre effac\u00e9s en supprimant l\u2019historique de navigation.<\/p>\n<p>S\u2019agissant des Traqueurs tiers, les Utilisateurs peuvent g\u00e9rer les pr\u00e9f\u00e9rences et retirer leur consentement par le lien de retrait associ\u00e9 (le cas \u00e9ch\u00e9ant), \u00e0 l\u2019aide du moyen indiqu\u00e9 dans la politique de confidentialit\u00e9 de ce tiers ou en contactant celui-ci.<\/p>\n<h4>Acc\u00e8s aux param\u00e8tres pour les Traqueurs<\/h4>\n<p>Les Utilisateurs peuvent, par exemple, trouver des informations sur la fa\u00e7on de g\u00e9rer les Cookies dans les navigateurs les plus couramment utilis\u00e9s aux adresses suivantes :<\/p>\n<ul>\n<li><a href=\"https:\/\/support.google.com\/chrome\/answer\/95647?hl=fr&amp;p=cpn_cookies\" target=\"_blank\" rel=\"noopener nofollow\">Google Chrome<\/a><\/li>\n<li><a href=\"https:\/\/support.mozilla.org\/fr\/kb\/activer-desactiver-cookies\" target=\"_blank\" rel=\"noopener nofollow\">Mozilla Firefox<\/a><\/li>\n<li><a href=\"https:\/\/support.apple.com\/fr-fr\/guide\/safari\/manage-cookies-and-website-data-sfri11471\/\" target=\"_blank\" rel=\"noopener nofollow\">Apple Safari<\/a><\/li>\n<li><a href=\"http:\/\/windows.microsoft.com\/fr-fr\/windows-vista\/block-or-allow-cookies\" target=\"_blank\" rel=\"noopener nofollow\">Microsoft Internet Explorer<\/a><\/li>\n<li><a href=\"https:\/\/support.microsoft.com\/fr-fr\/help\/4027947\" target=\"_blank\" rel=\"noopener nofollow\">Microsoft Edge<\/a><\/li>\n<li><a href=\"https:\/\/support.brave.com\/hc\/articles\/360022806212-How-do-I-use-Shields-while-browsing\" target=\"_blank\" rel=\"noopener nofollow\">Brave<\/a><\/li>\n<li><a href=\"https:\/\/help.opera.com\/latest\/web-preferences\/#cookies\" target=\"_blank\" rel=\"noopener nofollow\">Opera<\/a><\/li>\n<\/ul>\n<p>Les Utilisateurs peuvent \u00e9galement g\u00e9rer certaines cat\u00e9gories de Traqueurs utilis\u00e9s sur les applications mobiles en d\u00e9sactivant les param\u00e8tres appropri\u00e9s de l\u2019appareil, tels que les param\u00e8tres publicitaires de l\u2019appareil pour les appareils mobiles ou les param\u00e8tres de suivi en g\u00e9n\u00e9ral (les Utilisateurs peuvent ouvrir les param\u00e8tres de l\u2019appareil et rechercher le param\u00e8tre appropri\u00e9).<\/p>\n<h4>Cons\u00e9quences du refus de consentement<\/h4>\n<p>Les utilisateurs sont libres de donner ou non leur consentement. Toutefois, il convient de noter que les Traqueurs permettent \u00e0 ce site Web de fournir aux Utilisateurs une meilleure exp\u00e9rience et des fonctionnalit\u00e9s avanc\u00e9es (conform\u00e9ment aux finalit\u00e9s d\u00e9crites dans le pr\u00e9sent document). Par cons\u00e9quent, sans le consentement de l\u2019Utilisateur, il est possible que le Propri\u00e9taire ne soit pas en mesure de fournir les fonctionnalit\u00e9s connexes.<\/p>\n<h3 id=\"owner_of_the_data\" class=\"iub-subheading iub-subheading-owner-and-data-controller\">Propri\u00e9taire et Responsable du traitement<\/h3>\n<p>Studio Legale Alix Manconi<br \/>Via della Pace 5<br \/>CP 523<br \/>6601 Locarno<\/p>\n<p><strong>Courriel de contact du Propri\u00e9taire :<\/strong>\u00a0info@manconilegal.ch<\/p>\n<p>\u00c9tant donn\u00e9 que l\u2019utilisation des Traqueurs par ce site Web ne peut \u00eatre enti\u00e8rement contr\u00f4l\u00e9e par le Propri\u00e9taire, toute r\u00e9f\u00e9rence sp\u00e9cifique aux Traqueurs tiers n\u2019a qu\u2019une valeur indicative. Afin d\u2019obtenir des informations compl\u00e8tes, les Utilisateurs sont invit\u00e9s \u00e0 consulter les politiques de confidentialit\u00e9 des services tiers indiqu\u00e9s dans le pr\u00e9sent document.<\/p>\n<p>Compte tenu de la complexit\u00e9 objective des technologies de suivi, les Utilisateurs sont invit\u00e9s \u00e0 contacter le Propri\u00e9taire s\u2019ils souhaitent recevoir de plus amples informations sur l\u2019utilisation de ces technologies par ce site Web.<\/p>\n<\/div>\n<div class=\"one_line_col\">\n<div class=\"box_primary box_10 definitions expand expanded\">\n<h3 class=\"expand-click w_icon_24 icon_ribbon\">D\u00e9finitions et r\u00e9f\u00e9rences l\u00e9gales<\/h3>\n<div class=\"expand-content\">\n<h4>Donn\u00e9es personnelles (ou Donn\u00e9es)<\/h4>\n<p>Toute information qui, directement, indirectement ou en relation avec d&rsquo;autres informations \u2013 y compris un num\u00e9ro d&rsquo;identification personnel \u2013 permet l&rsquo;identification ou l&rsquo;identifiabilit\u00e9 d&rsquo;une personne physique.<\/p>\n<h4>Donn\u00e9es d\u2019utilisation<\/h4>\n<p>Les informations collect\u00e9es automatiquement par ce site Web (ou par des services tiers employ\u00e9s par ce site Web), qui peuvent inclure les adresses IP ou les noms de domaines des ordinateurs utilis\u00e9s par les Utilisateurs qui utilisent ce site Web, les adresses URI (Uniform Resource Identifier ou identifiant uniforme de ressource), l\u2019heure de la demande, la m\u00e9thode utilis\u00e9e pour soumettre la demande au serveur, la taille du fichier re\u00e7u en r\u00e9ponse, le code num\u00e9rique indiquant le statut de la r\u00e9ponse du serveur (r\u00e9sultat favorable, erreur, etc.), le pays d\u2019origine, les caract\u00e9ristiques du navigateur et du syst\u00e8me d\u2019exploitation utilis\u00e9s par l\u2019Utilisateur, les diff\u00e9rents d\u00e9tails relatifs au temps par visite (p. ex. temps pass\u00e9 sur chaque page dans l\u2019Application) et les d\u00e9tails relatifs au chemin suivi dans l\u2019Application avec une r\u00e9f\u00e9rence sp\u00e9ciale \u00e0 la s\u00e9quence des pages visit\u00e9es, et d\u2019autres param\u00e8tres concernant le syst\u00e8me d\u2019exploitation ou l\u2019environnement informatique de l\u2019Utilisateur.<\/p>\n<h4>Utilisateur<\/h4>\n<p>La personne utilisant ce site Web qui, sauf indication contraire, correspond \u00e0 la Personne concern\u00e9e.<\/p>\n<h4>Personne concern\u00e9e<\/h4>\n<p>La personne physique \u00e0 laquelle les Donn\u00e9es personnelles font r\u00e9f\u00e9rence.<\/p>\n<h4>Sous-traitant (ou Responsable des donn\u00e9es)<\/h4>\n<p>La personne physique ou morale, l&rsquo;autorit\u00e9 publique, l&rsquo;institution ou tout autre organisme qui traite les Donn\u00e9es personnelles pour le compte du Responsable du traitement, tel que d\u00e9crit dans la pr\u00e9sente politique de confidentialit\u00e9.<\/p>\n<h4>Responsable du traitement (ou Propri\u00e9taire)<\/h4>\n<p>La personne physique ou morale, l\u2019autorit\u00e9 publique, l&rsquo;institution ou toute autre organisme qui, seul ou conjointement avec d\u2019autres, d\u00e9termine les finalit\u00e9s et les moyens du traitement de Donn\u00e9es personnelles, y compris les mesures de s\u00e9curit\u00e9 concernant le fonctionnement et l&rsquo;utilisation de ce site Web. Sauf mention contraire, le Responsable du traitement est le Propri\u00e9taire de ce site Web.<\/p>\n<h4>Ce site Web (ou cette Application)<\/h4>\n<p>Les moyens par lesquels les Donn\u00e9es personnelles de l&rsquo;Utilisateur sont collect\u00e9es et trait\u00e9es.<\/p>\n<h4>Service<\/h4>\n<p>Le service fourni par ce site Web comme d\u00e9crit dans les conditions s&rsquo;y rapportant (le cas \u00e9ch\u00e9ant) et sur ce site\/cette application.<\/p>\n<h4>Union europ\u00e9enne (ou UE)<\/h4>\n<p>Sauf indication contraire, toutes les r\u00e9f\u00e9rences faites dans le pr\u00e9sent document \u00e0 l&rsquo;Union europ\u00e9enne incluent tous les \u00c9tats membres actuels de l&rsquo;Union europ\u00e9enne et de l&rsquo;Espace \u00e9conomique europ\u00e9en.<\/p>\n<h4>Cookie<\/h4>\n<p>Les Cookies sont des Traqueurs constitu\u00e9s de petits ensembles de donn\u00e9es stock\u00e9s dans le navigateur de l\u2019Utilisateur.<\/p>\n<h4>Traqueurs<\/h4>\n<p>Un Traqueur indique toute technologie \u2013 par exemple, les Cookies, les identifiants uniques, les balises Web, les scripts int\u00e9gr\u00e9s, les balises \u00e9lectroniques et les empreintes digitales \u2013 permettant de suivre les Utilisateurs, par exemple en acc\u00e9dant \u00e0 des informations ou en les stockant sur l\u2019appareil de l\u2019Utilisateur.<\/p>\n<hr \/>\n<h4>Informations l\u00e9gales<\/h4>\n<p>La pr\u00e9sente politique de confidentialit\u00e9 a \u00e9t\u00e9 pr\u00e9par\u00e9e en ex\u00e9cution des dispositions de plusieurs l\u00e9gislations, notamment de l&rsquo;article 13\/14 du r\u00e8glement europ\u00e9en 2016\/679 (r\u00e8glement g\u00e9n\u00e9ral sur la protection des donn\u00e9es).<\/p>\n<p>Cette politique de confidentialit\u00e9 concerne uniquement ce site Web, sauf indication contraire dans le pr\u00e9sent document.<\/p>\n<\/div>\n<\/div>\n<\/div>\n<\/div>\n<div class=\"one_line_col\">\n<div class=\"box_primary box_10 definitions expand expanded\">\u00a0<\/div>\n<\/div>\n<\/div>\n<p>[\/et_pb_text][\/et_pb_column][\/et_pb_row][\/et_pb_section]<\/p>\n","protected":false},"excerpt":{"rendered":"<p>Politique relative aux cookies de Studio legale Alix Manconi Le pr\u00e9sent document informe les Utilisateurs des technologies permettant \u00e0 ce site Web d\u2019atteindre les finalit\u00e9s d\u00e9crites ci-dessous. Ces technologies permettent au Propri\u00e9taire d\u2019acc\u00e9der \u00e0 des informations et de les stocker (\u00e0 l\u2019aide d\u2019un Cookie, par exemple) ou d\u2019utiliser des ressources (en ex\u00e9cutant un script, par [&hellip;]<\/p>\n","protected":false},"author":3,"featured_media":0,"parent":0,"menu_order":0,"comment_status":"closed","ping_status":"closed","template":"","meta":{"_et_pb_use_builder":"on","_et_pb_old_content":"","_et_gb_content_width":"","footnotes":""},"dipi_cpt_category":[],"class_list":["post-30515","page","type-page","status-publish","hentry"],"yoast_head":"<!-- This site is optimized with the Yoast SEO plugin v26.0 - https:\/\/yoast.com\/wordpress\/plugins\/seo\/ -->\n<title>Cookie-policy fr - Alix Manconi<\/title>\n<meta name=\"robots\" content=\"noindex, follow\" \/>\n<meta property=\"og:locale\" content=\"fr_FR\" \/>\n<meta property=\"og:type\" content=\"article\" \/>\n<meta property=\"og:title\" content=\"Cookie-policy fr - Alix Manconi\" \/>\n<meta property=\"og:description\" content=\"Politique relative aux cookies de Studio legale Alix Manconi Le pr\u00e9sent document informe les Utilisateurs des technologies permettant \u00e0 ce site Web d\u2019atteindre les finalit\u00e9s d\u00e9crites ci-dessous. Ces technologies permettent au Propri\u00e9taire d\u2019acc\u00e9der \u00e0 des informations et de les stocker (\u00e0 l\u2019aide d\u2019un Cookie, par exemple) ou d\u2019utiliser des ressources (en ex\u00e9cutant un script, par [&hellip;]\" \/>\n<meta property=\"og:url\" content=\"https:\/\/www.manconilegal.ch\/fr\/cookie-policy\/\" \/>\n<meta property=\"og:site_name\" content=\"Alix Manconi\" \/>\n<meta property=\"article:modified_time\" content=\"2023-03-31T13:20:23+00:00\" \/>\n<meta name=\"twitter:card\" content=\"summary_large_image\" \/>\n<meta name=\"twitter:label1\" content=\"Dur\u00e9e de lecture estim\u00e9e\" \/>\n\t<meta name=\"twitter:data1\" content=\"10 minutes\" \/>\n<script type=\"application\/ld+json\" class=\"yoast-schema-graph\">{\"@context\":\"https:\/\/schema.org\",\"@graph\":[{\"@type\":\"WebPage\",\"@id\":\"https:\/\/www.manconilegal.ch\/fr\/cookie-policy\/\",\"url\":\"https:\/\/www.manconilegal.ch\/fr\/cookie-policy\/\",\"name\":\"Cookie-policy fr - Alix Manconi\",\"isPartOf\":{\"@id\":\"https:\/\/www.manconilegal.ch\/#website\"},\"datePublished\":\"2023-03-31T10:19:05+00:00\",\"dateModified\":\"2023-03-31T13:20:23+00:00\",\"inLanguage\":\"fr-FR\",\"potentialAction\":[{\"@type\":\"ReadAction\",\"target\":[\"https:\/\/www.manconilegal.ch\/fr\/cookie-policy\/\"]}]},{\"@type\":\"WebSite\",\"@id\":\"https:\/\/www.manconilegal.ch\/#website\",\"url\":\"https:\/\/www.manconilegal.ch\/\",\"name\":\"Alix Manconi\",\"description\":\"Studio legale\",\"potentialAction\":[{\"@type\":\"SearchAction\",\"target\":{\"@type\":\"EntryPoint\",\"urlTemplate\":\"https:\/\/www.manconilegal.ch\/?s={search_term_string}\"},\"query-input\":{\"@type\":\"PropertyValueSpecification\",\"valueRequired\":true,\"valueName\":\"search_term_string\"}}],\"inLanguage\":\"fr-FR\"}]}<\/script>\n<!-- \/ Yoast SEO plugin. -->","yoast_head_json":{"title":"Cookie-policy fr - Alix Manconi","robots":{"index":"noindex","follow":"follow"},"og_locale":"fr_FR","og_type":"article","og_title":"Cookie-policy fr - Alix Manconi","og_description":"Politique relative aux cookies de Studio legale Alix Manconi Le pr\u00e9sent document informe les Utilisateurs des technologies permettant \u00e0 ce site Web d\u2019atteindre les finalit\u00e9s d\u00e9crites ci-dessous. Ces technologies permettent au Propri\u00e9taire d\u2019acc\u00e9der \u00e0 des informations et de les stocker (\u00e0 l\u2019aide d\u2019un Cookie, par exemple) ou d\u2019utiliser des ressources (en ex\u00e9cutant un script, par [&hellip;]","og_url":"https:\/\/www.manconilegal.ch\/fr\/cookie-policy\/","og_site_name":"Alix Manconi","article_modified_time":"2023-03-31T13:20:23+00:00","twitter_card":"summary_large_image","twitter_misc":{"Dur\u00e9e de lecture estim\u00e9e":"10 minutes"},"schema":{"@context":"https:\/\/schema.org","@graph":[{"@type":"WebPage","@id":"https:\/\/www.manconilegal.ch\/fr\/cookie-policy\/","url":"https:\/\/www.manconilegal.ch\/fr\/cookie-policy\/","name":"Cookie-policy fr - Alix Manconi","isPartOf":{"@id":"https:\/\/www.manconilegal.ch\/#website"},"datePublished":"2023-03-31T10:19:05+00:00","dateModified":"2023-03-31T13:20:23+00:00","inLanguage":"fr-FR","potentialAction":[{"@type":"ReadAction","target":["https:\/\/www.manconilegal.ch\/fr\/cookie-policy\/"]}]},{"@type":"WebSite","@id":"https:\/\/www.manconilegal.ch\/#website","url":"https:\/\/www.manconilegal.ch\/","name":"Alix Manconi","description":"Studio legale","potentialAction":[{"@type":"SearchAction","target":{"@type":"EntryPoint","urlTemplate":"https:\/\/www.manconilegal.ch\/?s={search_term_string}"},"query-input":{"@type":"PropertyValueSpecification","valueRequired":true,"valueName":"search_term_string"}}],"inLanguage":"fr-FR"}]}},"_links":{"self":[{"href":"https:\/\/www.manconilegal.ch\/fr\/wp-json\/wp\/v2\/pages\/30515","targetHints":{"allow":["GET"]}}],"collection":[{"href":"https:\/\/www.manconilegal.ch\/fr\/wp-json\/wp\/v2\/pages"}],"about":[{"href":"https:\/\/www.manconilegal.ch\/fr\/wp-json\/wp\/v2\/types\/page"}],"author":[{"embeddable":true,"href":"https:\/\/www.manconilegal.ch\/fr\/wp-json\/wp\/v2\/users\/3"}],"replies":[{"embeddable":true,"href":"https:\/\/www.manconilegal.ch\/fr\/wp-json\/wp\/v2\/comments?post=30515"}],"version-history":[{"count":4,"href":"https:\/\/www.manconilegal.ch\/fr\/wp-json\/wp\/v2\/pages\/30515\/revisions"}],"predecessor-version":[{"id":30523,"href":"https:\/\/www.manconilegal.ch\/fr\/wp-json\/wp\/v2\/pages\/30515\/revisions\/30523"}],"wp:attachment":[{"href":"https:\/\/www.manconilegal.ch\/fr\/wp-json\/wp\/v2\/media?parent=30515"}],"wp:term":[{"taxonomy":"dipi_cpt_category","embeddable":true,"href":"https:\/\/www.manconilegal.ch\/fr\/wp-json\/wp\/v2\/dipi_cpt_category?post=30515"}],"curies":[{"name":"wp","href":"https:\/\/api.w.org\/{rel}","templated":true}]}}